{"id":11858,"date":"2023-04-26T16:51:02","date_gmt":"2023-04-26T14:51:02","guid":{"rendered":"https:\/\/www.dev.plappermaul.at\/digitrans\/?page_id=11858"},"modified":"2024-09-06T09:25:54","modified_gmt":"2024-09-06T07:25:54","slug":"datenerhebung-automatisierte-testfahrzeuge","status":"publish","type":"page","link":"https:\/\/www.dev.plappermaul.at\/digitrans\/datenerhebung-automatisierte-testfahrzeuge\/","title":{"rendered":"Datenerhebung automatisierte Testfahrzeuge"},"content":{"rendered":"\t\t<div data-elementor-type=\"wp-page\" data-elementor-id=\"11858\" class=\"elementor elementor-11858\" data-elementor-post-type=\"page\">\n\t\t\t\t\t\t<section class=\"elementor-section elementor-top-section elementor-element elementor-element-574ad07 elementor-section-height-min-height elementor-section-items-stretch elementor-section-stretched elementor-section-content-bottom elementor-section-boxed elementor-section-height-default\" data-id=\"574ad07\" data-element_type=\"section\" data-settings=\"{&quot;background_background&quot;:&quot;video&quot;,&quot;stretch_section&quot;:&quot;section-stretched&quot;,&quot;ekit_has_onepagescroll_dot&quot;:&quot;yes&quot;}\">\n\t\t\t\t\t\t<div class=\"elementor-container elementor-column-gap-default\">\n\t\t\t\t\t<div class=\"elementor-column elementor-col-100 elementor-top-column elementor-element elementor-element-720b06e\" data-id=\"720b06e\" data-element_type=\"column\">\n\t\t\t<div class=\"elementor-widget-wrap elementor-element-populated\">\n\t\t\t\t\t\t<div class=\"elementor-element elementor-element-c8c3bbd elementor-widget elementor-widget-heading\" data-id=\"c8c3bbd\" data-element_type=\"widget\" data-widget_type=\"heading.default\">\n\t\t\t\t<div class=\"elementor-widget-container\">\n\t\t\t\t\t<h1 class=\"elementor-heading-title elementor-size-default\">Datenerhebung<\/h1>\t\t\t\t<\/div>\n\t\t\t\t<\/div>\n\t\t\t\t<div class=\"elementor-element elementor-element-e258029 elementor-widget elementor-widget-heading\" data-id=\"e258029\" data-element_type=\"widget\" data-widget_type=\"heading.default\">\n\t\t\t\t<div class=\"elementor-widget-container\">\n\t\t\t\t\t<h3 class=\"elementor-heading-title elementor-size-default\">Automat&shy;isierte und ver&shy;netzte Testfahr&shy;zeuge<\/h3>\t\t\t\t<\/div>\n\t\t\t\t<\/div>\n\t\t\t\t\t<\/div>\n\t\t<\/div>\n\t\t\t\t\t<\/div>\n\t\t<\/section>\n\t\t\t\t<section class=\"elementor-section elementor-top-section elementor-element elementor-element-0abc650 elementor-section-boxed elementor-section-height-default elementor-section-height-default\" data-id=\"0abc650\" data-element_type=\"section\" data-settings=\"{&quot;ekit_has_onepagescroll_dot&quot;:&quot;yes&quot;}\">\n\t\t\t\t\t\t<div class=\"elementor-container elementor-column-gap-default\">\n\t\t\t\t\t<div class=\"elementor-column elementor-col-100 elementor-top-column elementor-element elementor-element-60a0288\" data-id=\"60a0288\" data-element_type=\"column\">\n\t\t\t<div class=\"elementor-widget-wrap elementor-element-populated\">\n\t\t\t\t\t\t<div class=\"elementor-element elementor-element-a5c8827 elementor-widget elementor-widget-text-editor\" data-id=\"a5c8827\" data-element_type=\"widget\" data-widget_type=\"text-editor.default\">\n\t\t\t\t<div class=\"elementor-widget-container\">\n\t\t\t\t\t\t\t\t\t<h2>1. Informationspflicht gem\u00e4\u00df DSGVO Art. 13<\/h2><p>Der Schutz Ihrer pers\u00f6nlichen Daten ist uns ein besonderes Anliegen. Wir verarbeiten Ihre Daten daher ausschlie\u00dflich auf Grundlage der einschl\u00e4gigen gesetzlichen Bestimmungen wie der <strong>DSGVO<\/strong> sowie den national anwendbaren Datenschutzbestimmungen wie insbesondere jene des <strong>DSG<\/strong> und <strong>TKG 2003<\/strong>. In dieser Datenschutzerkl\u00e4rung informieren wir Sie \u00fcber die wichtigsten Aspekte der Datenverarbeitung im Rahmen unserer vernetzten und automatisierten Testfahrzeuge<\/p><p><strong>Kontakt mit uns:<\/strong><br \/>DigiTrans GmbH<br \/>B\u00f6hmerwaldstra\u00dfe 16<br \/>4020 Linz, \u00d6sterreich<br \/>Tel.: +43\u00a0732 6046 59<\/p><p>Sie erreichen uns unter zuvor genannten Firmenanschrift und per E-Mail unter <a href=\"&#x6d;&#x61;&#x69;&#x6c;&#116;&#111;&#58;da&#x74;&#x65;&#x6e;&#x73;&#x63;&#104;&#117;&#116;z&#64;&#x64;&#x69;&#x67;&#x69;&#x74;&#114;&#97;&#110;s&#46;&#x65;&#x78;&#x70;&#x65;&#x72;&#116;\">dat&#101;&#110;&#115;&#x63;&#x68;&#x75;&#x74;&#x7a;&#x40;dig&#105;&#116;&#114;&#97;&#x6e;&#x73;&#x2e;&#x65;&#x78;&#x70;ert<\/a>.<\/p><h2>\u00a0<\/h2><h2>2.Datenerhebung im Zusammenhang mit automatisierten und vernetzen Testfahrzeugen<\/h2><h3>2.1 Forschungsprojekt automatisiertes Versuchfahrzeug Digitrans eVAN\u00a0<\/h3><p>Im Zuge des, von der \u00f6sterreichischen Forschungsf\u00f6rderungsgesellschaft (\u201eFFG\u201c) gef\u00f6rderten, Forschungsprojektes EVAN \u2013 in der 18. Ausschreibung Mobilit\u00e4t der Zukunft &#8211; soll von der Digitrans GmbH ein hochautomatisiertes (autonom fahrendes) Fahrzeug auf \u00d6sterreichs Stra\u00dfen gebracht werden. Damit kann eines der modernsten Forschungs- und Versuchsfahrzeuge f\u00fcr das automatisierte Fahren entwickelt werden und sowohl \u00f6sterreichweit als auch international zum Einsatz kommen.<\/p><p>Um einen hochautomatisierten Fahrbetrieb zu erm\u00f6glichen ist der Einsatz von unterschiedlichsten Sensoren notwendig. In diesem Projekt werden unter anderem optische Sensoren (z.B. Kameras am und im Fahrzeug) f\u00fcr die Erfassung der Umgebung und der Kollisionsvermeidung eingesetzt. Hier werden personenbezogene Daten erhoben und verarbeitet, da dabei nat\u00fcrliche Personen und Kfz-Kennzeichen aufgenommen werden k\u00f6nnen. <br \/>Die dabei erhobenen Daten werden ausschlie\u00dflich f\u00fcr Zwecke des Forschungsprojekts verwendet und nur so lange gespeichert, wie dies f\u00fcr die Zweckerreichung erforderlich ist (bis zu Projektende bzw. gem\u00e4\u00df Aufbewahrungsfristen \u00a7 2f Abs. 3 Nr. 1 FOG) und anschlie\u00dfend anonymisiert oder gel\u00f6scht. Die Daten werden ausschlie\u00dflich innerhalb des Projektes mit Projektpartnern ausgetauscht und nicht an Dritte \u00fcbermittelt.<\/p><h3>2.2 Forschungsprojekt AWARD H2020 &#8211; Automatisierter G\u00fctertransport<\/h3><p>Die DigiTrans GmbH arbeitet gemeinsam mit 29 internationalen Projektpartnern an einem \u2013 durch das Forschungs- und Innovations-programm <a href=\"https:\/\/award-h2020.eu\/\">Horizon 2020<\/a>\u00a0der Europ\u00e4ischen Union unter der Grant Agreement No. 101006817 gef\u00f6rderten \u2013 Forschungsprojekt.\u00a0<\/p><p>Im Zuge des EU H2020 Projekts AWARD soll in Gunskirchen bis 2023 auf einer Strecke, wo normalerweise ein herk\u00f6mmlicher LKW verkehrt, ein hoch automatisierter Elektro-Transporter zwischen zwei Unternehmen als Hub-to-Hub verkehren \u2013 egal, ob es regnet, schneit, sonnig oder nebelig ist.<\/p><p>Um einen hochautomatisierten Fahrbetrieb zu erm\u00f6glichen ist der Einsatz von unterschiedlichsten Sensoren notwendig. In diesem Projekt werden unter anderem optische Sensoren (z.B. Kameras am und im Fahrzeug) f\u00fcr die Erfassung der Umgebung und der Kollisionsvermeidung eingesetzt. Hier werden personenbezogene Daten erhoben und verarbeitet, da dabei nat\u00fcrliche Personen und Kfz-Kennzeichen aufgenommen werden k\u00f6nnen. <br \/>Die dabei erhobenen Daten werden ausschlie\u00dflich f\u00fcr Zwecke des Forschungsprojekts verwendet und nur so lange gespeichert, wie dies f\u00fcr die Zweckerreichung erforderlich ist (bis zu Projektende bzw. gem\u00e4\u00df Aufbewahrungsfristen \u00a7 2f Abs. 3 Nr. 1 FOG) und anschlie\u00dfend anonymisiert oder gel\u00f6scht. Die Daten werden ausschlie\u00dflich innerhalb des Projektes mit Projektpartnern ausgetauscht und nicht an Dritte \u00fcbermittelt.<\/p><p>Die Projektpartner beachten bei der Verarbeitung der Daten die geltenden Datenschutzbestimmungen und verpflichten sich und ihre Mitarbeiter insbesondere zur Sicherstellung der angemessenen technischen und organisatorischen Ma\u00dfnahmen, zum sorgf\u00e4ltigen Umgang mit Datenschutzvorf\u00e4llen und zum Datengeheimnis gem\u00e4\u00df \u00a7 6 DSG. Jeder Verantwortliche ist dabei selbst f\u00fcr (i) die Erf\u00fcllung der Informationspflichten nach Art 13 und 14 DSGVO, (ii) zur F\u00fchrung eines Verarbeitungsverzeichnisses, (iii) zur Zusammenarbeit mit den lokalen Aufsichtsbeh\u00f6rden, (iv) Benachrichtigung von Betroffenen bei etwaigen Datenschutzvorf\u00e4llen mit hohem Risiko und (v) zur Bestellung eines Datenschutzbeauftragten verantwortlich.<\/p><h2>3. Aktualisierung der Bestimmungen<\/h2><p>Wir behalten uns das Recht vor, diese Bestimmungen jederzeit entsprechend den Gesch\u00e4ftserfordernissen zu \u00e4ndern.<\/p><h2>4. Ihre Rechte<\/h2><p>Ihnen stehen grunds\u00e4tzlich die Rechte auf Auskunft, Berichtigung, L\u00f6schung, Einschr\u00e4nkung, Daten\u00fcbertragbarkeit, Widerruf sowie Widerspruch gegen die Verarbeitung zu. Wenn Sie der Meinung sind, dass die Verarbeitung Ihrer Daten gegen das Datenschutzrecht verst\u00f6\u00dft oder Ihre datenschutzrechtlichen Anspr\u00fcche sonst in einer Weise verletzt worden sind, so bitten wir Sie, mit uns Kontakt aufzunehmen, um allf\u00e4llige Fragen aufkl\u00e4ren zu k\u00f6nnen:<\/p><p>Sie k\u00f6nnen sich mit uns in Verbindung setzen, und zwar entweder per E-Mail an <a href=\"m&#97;&#x69;&#x6c;t&#111;&#58;&#x64;&#x61;t&#101;&#110;&#x73;&#x63;h&#117;&#x74;&#x7a;&#x40;d&#105;&#x67;&#x69;t&#114;&#97;&#x6e;&#x73;&#46;&#101;&#120;&#x70;&#x65;r&#116;\">&#x64;&#x61;&#x74;&#101;&#110;sc&#x68;&#x75;&#x74;&#122;&#64;di&#x67;&#x69;&#x74;&#114;&#97;ns&#x2e;&#x65;&#x78;&#112;&#101;rt<\/a>, schriftlich an DigiTrans GmbH, B\u00f6hmerwaldstra\u00dfe 16, 4020 Linz, \u00d6sterreich oder telefonisch unter +43 732 6046 59.<\/p><p>Dar\u00fcber hinaus haben Sie ein Beschwerderecht bei der \u00f6sterreichischen Datenschutzbeh\u00f6rde. <br \/>Selbstverst\u00e4ndlich stehen wir Ihnen gerne jederzeit f\u00fcr Ausk\u00fcnfte zum Datenschutz auf unserer Webseite zur Verf\u00fcgung.<\/p><p style=\"text-align: right;\"><em>Letzte Aktualisierung: 28.04.2023<\/em><\/p>\t\t\t\t\t\t\t\t<\/div>\n\t\t\t\t<\/div>\n\t\t\t\t<div class=\"elementor-element elementor-element-2b0b96d elementor-widget elementor-widget-html\" data-id=\"2b0b96d\" data-element_type=\"widget\" data-widget_type=\"html.default\">\n\t\t\t\t<div class=\"elementor-widget-container\">\n\t\t\t\t\t<script language=\"javascript\">\n\n\/\/ Set to the same value as the web property used on the site\nvar gaProperty = 'UA-68871964-5';\n\n\/\/ Disable tracking if the opt-out cookie exists.\nvar disableStr = 'ga-disable-' + gaProperty;\nif (document.cookie.indexOf(disableStr + '=true') > -1) {\n  window[disableStr] = true;\n}\n\n\/\/ Opt-out function\nfunction gaOptout() {\n  document.cookie = disableStr + '=true; expires=Thu, 31 Dec 2099 23:59:59 UTC; path=\/';\n  window[disableStr] = true;\n}\n\nvar ellinkdisablega = document.getElementById('link-ga-disable');\nellinkdisablega.onclick = gaOptout;\n\n<\/script>\t\t\t\t<\/div>\n\t\t\t\t<\/div>\n\t\t\t\t\t<\/div>\n\t\t<\/div>\n\t\t\t\t\t<\/div>\n\t\t<\/section>\n\t\t\t\t<\/div>\n\t\t","protected":false},"excerpt":{"rendered":"<p>Datenerhebung Automat&shy;isierte und ver&shy;netzte Testfahr&shy;zeuge 1. Informationspflicht gem\u00e4\u00df DSGVO Art. 13 Der Schutz Ihrer pers\u00f6nlichen Daten ist uns ein besonderes Anliegen. Wir verarbeiten Ihre Daten daher ausschlie\u00dflich auf Grundlage der einschl\u00e4gigen gesetzlichen Bestimmungen wie der DSGVO sowie den national anwendbaren Datenschutzbestimmungen wie insbesondere jene des DSG und TKG 2003. In dieser Datenschutzerkl\u00e4rung informieren wir Sie [&hellip;]<\/p>\n","protected":false},"author":3,"featured_media":0,"parent":0,"menu_order":0,"comment_status":"closed","ping_status":"closed","template":"","meta":{"content-type":"","footnotes":""},"class_list":["post-11858","page","type-page","status-publish","hentry"],"yoast_head":"<!-- This site is optimized with the Yoast SEO plugin v26.8 - https:\/\/yoast.com\/product\/yoast-seo-wordpress\/ -->\n<title>Datenerhebung automatisierte Testfahrzeuge &#187; Digitrans<\/title>\n<meta name=\"robots\" content=\"index, follow, max-snippet:-1, max-image-preview:large, max-video-preview:-1\" \/>\n<link rel=\"canonical\" href=\"https:\/\/www.dev.plappermaul.at\/digitrans\/datenerhebung-automatisierte-testfahrzeuge\/\" \/>\n<meta property=\"og:locale\" content=\"de_DE\" \/>\n<meta property=\"og:type\" content=\"article\" \/>\n<meta property=\"og:title\" content=\"Datenerhebung automatisierte Testfahrzeuge &#187; Digitrans\" \/>\n<meta property=\"og:description\" content=\"Datenerhebung Automat&shy;isierte und ver&shy;netzte Testfahr&shy;zeuge 1. Informationspflicht gem\u00e4\u00df DSGVO Art. 13 Der Schutz Ihrer pers\u00f6nlichen Daten ist uns ein besonderes Anliegen. Wir verarbeiten Ihre Daten daher ausschlie\u00dflich auf Grundlage der einschl\u00e4gigen gesetzlichen Bestimmungen wie der DSGVO sowie den national anwendbaren Datenschutzbestimmungen wie insbesondere jene des DSG und TKG 2003. In dieser Datenschutzerkl\u00e4rung informieren wir Sie [&hellip;]\" \/>\n<meta property=\"og:url\" content=\"https:\/\/www.dev.plappermaul.at\/digitrans\/datenerhebung-automatisierte-testfahrzeuge\/\" \/>\n<meta property=\"og:site_name\" content=\"Digitrans\" \/>\n<meta property=\"article:publisher\" content=\"https:\/\/www.facebook.com\/digitrans.expert\" \/>\n<meta property=\"article:modified_time\" content=\"2024-09-06T07:25:54+00:00\" \/>\n<meta property=\"og:image\" content=\"https:\/\/www.dev.plappermaul.at\/digitrans\/wp-content\/uploads\/2020\/09\/digitrans-logo-signet-rgb-01.jpg\" \/>\n\t<meta property=\"og:image:width\" content=\"852\" \/>\n\t<meta property=\"og:image:height\" content=\"851\" \/>\n\t<meta property=\"og:image:type\" content=\"image\/jpeg\" \/>\n<meta name=\"twitter:card\" content=\"summary_large_image\" \/>\n<meta name=\"twitter:label1\" content=\"Gesch\u00e4tzte Lesezeit\" \/>\n\t<meta name=\"twitter:data1\" content=\"4\u00a0Minuten\" \/>\n<script type=\"application\/ld+json\" class=\"yoast-schema-graph\">{\"@context\":\"https:\/\/schema.org\",\"@graph\":[{\"@type\":\"WebPage\",\"@id\":\"https:\/\/www.dev.plappermaul.at\/digitrans\/datenerhebung-automatisierte-testfahrzeuge\/\",\"url\":\"https:\/\/www.dev.plappermaul.at\/digitrans\/datenerhebung-automatisierte-testfahrzeuge\/\",\"name\":\"Datenerhebung automatisierte Testfahrzeuge &#187; Digitrans\",\"isPartOf\":{\"@id\":\"https:\/\/www.dev.plappermaul.at\/digitrans\/#website\"},\"datePublished\":\"2023-04-26T14:51:02+00:00\",\"dateModified\":\"2024-09-06T07:25:54+00:00\",\"breadcrumb\":{\"@id\":\"https:\/\/www.dev.plappermaul.at\/digitrans\/datenerhebung-automatisierte-testfahrzeuge\/#breadcrumb\"},\"inLanguage\":\"de\",\"potentialAction\":[{\"@type\":\"ReadAction\",\"target\":[\"https:\/\/www.dev.plappermaul.at\/digitrans\/datenerhebung-automatisierte-testfahrzeuge\/\"]}]},{\"@type\":\"BreadcrumbList\",\"@id\":\"https:\/\/www.dev.plappermaul.at\/digitrans\/datenerhebung-automatisierte-testfahrzeuge\/#breadcrumb\",\"itemListElement\":[{\"@type\":\"ListItem\",\"position\":1,\"name\":\"Home\",\"item\":\"https:\/\/www.dev.plappermaul.at\/digitrans\/\"},{\"@type\":\"ListItem\",\"position\":2,\"name\":\"Datenerhebung automatisierte Testfahrzeuge\"}]},{\"@type\":\"WebSite\",\"@id\":\"https:\/\/www.dev.plappermaul.at\/digitrans\/#website\",\"url\":\"https:\/\/www.dev.plappermaul.at\/digitrans\/\",\"name\":\"Digitrans\",\"description\":\"best answers for future transport\",\"publisher\":{\"@id\":\"https:\/\/www.dev.plappermaul.at\/digitrans\/#organization\"},\"potentialAction\":[{\"@type\":\"SearchAction\",\"target\":{\"@type\":\"EntryPoint\",\"urlTemplate\":\"https:\/\/www.dev.plappermaul.at\/digitrans\/?s={search_term_string}\"},\"query-input\":{\"@type\":\"PropertyValueSpecification\",\"valueRequired\":true,\"valueName\":\"search_term_string\"}}],\"inLanguage\":\"de\"},{\"@type\":\"Organization\",\"@id\":\"https:\/\/www.dev.plappermaul.at\/digitrans\/#organization\",\"name\":\"DigiTrans GmbH\",\"url\":\"https:\/\/www.dev.plappermaul.at\/digitrans\/\",\"logo\":{\"@type\":\"ImageObject\",\"inLanguage\":\"de\",\"@id\":\"https:\/\/www.dev.plappermaul.at\/digitrans\/#\/schema\/logo\/image\/\",\"url\":\"https:\/\/www.dev.plappermaul.at\/digitrans\/wp-content\/uploads\/2020\/06\/digitrans-logo-2.png\",\"contentUrl\":\"https:\/\/www.dev.plappermaul.at\/digitrans\/wp-content\/uploads\/2020\/06\/digitrans-logo-2.png\",\"width\":714,\"height\":426,\"caption\":\"DigiTrans GmbH\"},\"image\":{\"@id\":\"https:\/\/www.dev.plappermaul.at\/digitrans\/#\/schema\/logo\/image\/\"},\"sameAs\":[\"https:\/\/www.facebook.com\/digitrans.expert\",\"https:\/\/www.linkedin.com\/company\/37484651\/\"]}]}<\/script>\n<!-- \/ Yoast SEO plugin. -->","yoast_head_json":{"title":"Datenerhebung automatisierte Testfahrzeuge &#187; Digitrans","robots":{"index":"index","follow":"follow","max-snippet":"max-snippet:-1","max-image-preview":"max-image-preview:large","max-video-preview":"max-video-preview:-1"},"canonical":"https:\/\/www.dev.plappermaul.at\/digitrans\/datenerhebung-automatisierte-testfahrzeuge\/","og_locale":"de_DE","og_type":"article","og_title":"Datenerhebung automatisierte Testfahrzeuge &#187; Digitrans","og_description":"Datenerhebung Automat&shy;isierte und ver&shy;netzte Testfahr&shy;zeuge 1. Informationspflicht gem\u00e4\u00df DSGVO Art. 13 Der Schutz Ihrer pers\u00f6nlichen Daten ist uns ein besonderes Anliegen. Wir verarbeiten Ihre Daten daher ausschlie\u00dflich auf Grundlage der einschl\u00e4gigen gesetzlichen Bestimmungen wie der DSGVO sowie den national anwendbaren Datenschutzbestimmungen wie insbesondere jene des DSG und TKG 2003. In dieser Datenschutzerkl\u00e4rung informieren wir Sie [&hellip;]","og_url":"https:\/\/www.dev.plappermaul.at\/digitrans\/datenerhebung-automatisierte-testfahrzeuge\/","og_site_name":"Digitrans","article_publisher":"https:\/\/www.facebook.com\/digitrans.expert","article_modified_time":"2024-09-06T07:25:54+00:00","og_image":[{"width":852,"height":851,"url":"https:\/\/www.dev.plappermaul.at\/digitrans\/wp-content\/uploads\/2020\/09\/digitrans-logo-signet-rgb-01.jpg","type":"image\/jpeg"}],"twitter_card":"summary_large_image","twitter_misc":{"Gesch\u00e4tzte Lesezeit":"4\u00a0Minuten"},"schema":{"@context":"https:\/\/schema.org","@graph":[{"@type":"WebPage","@id":"https:\/\/www.dev.plappermaul.at\/digitrans\/datenerhebung-automatisierte-testfahrzeuge\/","url":"https:\/\/www.dev.plappermaul.at\/digitrans\/datenerhebung-automatisierte-testfahrzeuge\/","name":"Datenerhebung automatisierte Testfahrzeuge &#187; Digitrans","isPartOf":{"@id":"https:\/\/www.dev.plappermaul.at\/digitrans\/#website"},"datePublished":"2023-04-26T14:51:02+00:00","dateModified":"2024-09-06T07:25:54+00:00","breadcrumb":{"@id":"https:\/\/www.dev.plappermaul.at\/digitrans\/datenerhebung-automatisierte-testfahrzeuge\/#breadcrumb"},"inLanguage":"de","potentialAction":[{"@type":"ReadAction","target":["https:\/\/www.dev.plappermaul.at\/digitrans\/datenerhebung-automatisierte-testfahrzeuge\/"]}]},{"@type":"BreadcrumbList","@id":"https:\/\/www.dev.plappermaul.at\/digitrans\/datenerhebung-automatisierte-testfahrzeuge\/#breadcrumb","itemListElement":[{"@type":"ListItem","position":1,"name":"Home","item":"https:\/\/www.dev.plappermaul.at\/digitrans\/"},{"@type":"ListItem","position":2,"name":"Datenerhebung automatisierte Testfahrzeuge"}]},{"@type":"WebSite","@id":"https:\/\/www.dev.plappermaul.at\/digitrans\/#website","url":"https:\/\/www.dev.plappermaul.at\/digitrans\/","name":"Digitrans","description":"best answers for future transport","publisher":{"@id":"https:\/\/www.dev.plappermaul.at\/digitrans\/#organization"},"potentialAction":[{"@type":"SearchAction","target":{"@type":"EntryPoint","urlTemplate":"https:\/\/www.dev.plappermaul.at\/digitrans\/?s={search_term_string}"},"query-input":{"@type":"PropertyValueSpecification","valueRequired":true,"valueName":"search_term_string"}}],"inLanguage":"de"},{"@type":"Organization","@id":"https:\/\/www.dev.plappermaul.at\/digitrans\/#organization","name":"DigiTrans GmbH","url":"https:\/\/www.dev.plappermaul.at\/digitrans\/","logo":{"@type":"ImageObject","inLanguage":"de","@id":"https:\/\/www.dev.plappermaul.at\/digitrans\/#\/schema\/logo\/image\/","url":"https:\/\/www.dev.plappermaul.at\/digitrans\/wp-content\/uploads\/2020\/06\/digitrans-logo-2.png","contentUrl":"https:\/\/www.dev.plappermaul.at\/digitrans\/wp-content\/uploads\/2020\/06\/digitrans-logo-2.png","width":714,"height":426,"caption":"DigiTrans GmbH"},"image":{"@id":"https:\/\/www.dev.plappermaul.at\/digitrans\/#\/schema\/logo\/image\/"},"sameAs":["https:\/\/www.facebook.com\/digitrans.expert","https:\/\/www.linkedin.com\/company\/37484651\/"]}]}},"_links":{"self":[{"href":"https:\/\/www.dev.plappermaul.at\/digitrans\/wp-json\/wp\/v2\/pages\/11858","targetHints":{"allow":["GET"]}}],"collection":[{"href":"https:\/\/www.dev.plappermaul.at\/digitrans\/wp-json\/wp\/v2\/pages"}],"about":[{"href":"https:\/\/www.dev.plappermaul.at\/digitrans\/wp-json\/wp\/v2\/types\/page"}],"author":[{"embeddable":true,"href":"https:\/\/www.dev.plappermaul.at\/digitrans\/wp-json\/wp\/v2\/users\/3"}],"replies":[{"embeddable":true,"href":"https:\/\/www.dev.plappermaul.at\/digitrans\/wp-json\/wp\/v2\/comments?post=11858"}],"version-history":[{"count":44,"href":"https:\/\/www.dev.plappermaul.at\/digitrans\/wp-json\/wp\/v2\/pages\/11858\/revisions"}],"predecessor-version":[{"id":18155,"href":"https:\/\/www.dev.plappermaul.at\/digitrans\/wp-json\/wp\/v2\/pages\/11858\/revisions\/18155"}],"wp:attachment":[{"href":"https:\/\/www.dev.plappermaul.at\/digitrans\/wp-json\/wp\/v2\/media?parent=11858"}],"curies":[{"name":"wp","href":"https:\/\/api.w.org\/{rel}","templated":true}]}}